{"id":2919,"date":"2025-08-02T23:20:36","date_gmt":"2025-08-02T23:20:36","guid":{"rendered":"https:\/\/amel-academy.com\/carrieres\/"},"modified":"2025-08-03T20:03:47","modified_gmt":"2025-08-03T20:03:47","slug":"carrieres","status":"publish","type":"page","link":"https:\/\/amel-academy.com\/fr\/carrieres\/","title":{"rendered":"Carri\u00e8res"},"content":{"rendered":"<p><section id=\"bt_bb_section6a05960328100\" class=\"bt_bb_section bt_bb_layout_boxed_1200 bt_bb_vertical_align_top bt_bb_top_spacing_large bt_bb_bottom_spacing_large\" style=\"background-position:center;background-size:cover;\" data-bt-override-class=\"null\"><div class=\"bt_bb_background_image_holder_wrapper\"><div class=\"bt_bb_background_image_holder btLazyLoadBackground\"  data-background_image_src=\"https:\/\/amel-academy.com\/wp-content\/uploads\/2019\/04\/bgn-cases-3.png\" data-parallax-zoom-start=\"1\" data-parallax-zoom-end=\"1\" data-parallax-blur-start=\"0\" data-parallax-blur-end=\"0\" data-parallax-opacity-start=\"1\" data-parallax-opacity-end=\"1\" style=\" background-image: url(&#039;https:\/\/amel-academy.com\/wp-content\/plugins\/bold-page-builder\/img\/blank.gif&#039;);\"><\/div><\/div><div class=\"bt_bb_port\"><div class=\"bt_bb_cell\"><div class=\"bt_bb_cell_inner\"><div class=\"bt_bb_row \"  data-bt-override-class=\"{}\"><div class=\"bt_bb_row_holder\" style=\"; 0\"><div  class=\"bt_bb_column col-xxl-6 col-xl-6 bt_bb_vertical_align_top bt_bb_align_left bt_bb_padding_normal bt_bb_animation_fade_in move_up animate\" style=\"; --column-width:6;\" data-width=\"6\" data-bt-override-class=\"{}\"><div class=\"bt_bb_column_content\"><div class=\"bt_bb_column_content_inner\"><header data-bb-version=\"5.4.2\" class=\"bt_bb_headline bt_bb_dash_top bt_bb_superheadline bt_bb_superheadline_outside bt_bb_size_large bt_bb_align_inherit\" data-bt-override-class=\"{&quot;bt_bb_size_&quot;:{&quot;current_class&quot;:&quot;bt_bb_size_large&quot;,&quot;def&quot;:&quot;large&quot;},&quot;bt_bb_align_&quot;:{&quot;current_class&quot;:&quot;bt_bb_align_inherit&quot;,&quot;def&quot;:&quot;inherit&quot;},&quot;bt_bb_animation_&quot;:{&quot;current_class&quot;:&quot;bt_bb_animation_no_animation&quot;,&quot;def&quot;:&quot;no_animation&quot;}}\"><div class=\"bt_bb_headline_superheadline_outside\"><span class=\"bt_bb_headline_superheadline\">CARRI\u00c8RES AMEL<\/span><\/div><h2 class=\"bt_bb_headline_tag\"><span class=\"bt_bb_headline_content\"><span><u>Rejoignez notre \u00e9quipe<\/u><br \/><br \/>\n<b>\u00e0 l\u2019Acad\u00e9mie AMEL<\/b> <\/span><\/span><\/h2><\/header><div class=\"bt_bb_separator bt_bb_border_style_none bt_bb_bottom_spacing_medium\" data-bt-override-class=\"null\"><\/div><\/div><\/div><\/div><div  class=\"bt_bb_column col-xxl-6 col-xl-6 bt_bb_vertical_align_top bt_bb_align_left bt_bb_padding_normal\" style=\"; --column-width:6;\" data-width=\"6\" data-bt-override-class=\"{}\"><div class=\"bt_bb_column_content\"><div class=\"bt_bb_column_content_inner\"><\/div><\/div><\/div><\/div><\/div><div class=\"bt_bb_row \"  data-bt-override-class=\"{}\"><div class=\"bt_bb_row_holder\" style=\"; 0\"><div  class=\"bt_bb_column col-xxl-4 col-xl-4 bt_bb_vertical_align_top bt_bb_align_left bt_bb_padding_normal bt_bb_animation_fade_in animate\" style=\"; --column-width:4;\" data-width=\"4\" data-bt-override-class=\"{}\"><div class=\"bt_bb_column_content\"><div class=\"bt_bb_column_content_inner\"><div  class=\"bt_bb_text\" ><\/p>\n<p>Vous \u00eates passionn\u00e9(e) par l\u2019enseignement ? \u00c0 l\u2019Acad\u00e9mie AMEL, nous recherchons des enseignants et enseignantes qualifi\u00e9s(es) en <strong><b>espagnol, anglais et fran\u00e7ais<\/b><\/strong> pour rejoindre notre \u00e9quipe en pleine croissance.<\/p>\n<p>Que vous soyez exp\u00e9riment\u00e9(e) ou d\u00e9butant(e), si vous aimez les langues, les \u00e9changes culturels et aider les \u00e9tudiants \u00e0 r\u00e9ussir, nous aimerions vous conna\u00eetre !<\/p>\n<p>\n<\/div><div data-bb-version=\"5.1.6\" class=\"bt_bb_separator bt_bb_border_style_none bt_bb_top_spacing_none bt_bb_bottom_spacing_extra_small bt_bb_hidden_md bt_bb_hidden_lg bt_bb_hidden_xl\" data-bt-override-class=\"{&quot;bt_bb_top_spacing_&quot;:{&quot;current_class&quot;:&quot;bt_bb_top_spacing_none&quot;,&quot;def&quot;:&quot;none&quot;},&quot;bt_bb_bottom_spacing_&quot;:{&quot;current_class&quot;:&quot;bt_bb_bottom_spacing_extra_small&quot;,&quot;def&quot;:&quot;extra_small&quot;}}\"><\/div><\/div><\/div><\/div><div  class=\"bt_bb_column col-xxl-4 col-xl-4 bt_bb_vertical_align_top bt_bb_align_left bt_bb_padding_normal bt_bb_animation_fade_in animate\" style=\"; --column-width:4;\" data-width=\"4\" data-bt-override-class=\"{}\"><div class=\"bt_bb_column_content\"><div class=\"bt_bb_column_content_inner\"><div  class=\"bt_bb_text\" ><\/p>\n<p><strong><b>Ce que nous offrons :<\/b><\/strong><\/p>\n<ul>\n<li>Un environnement multiculturel et bienveillant<\/li>\n<li>Des horaires flexibles<\/li>\n<li>L\u2019opportunit\u00e9 de travailler avec des \u00e9tudiants internationaux<\/li>\n<li>Une r\u00e9mun\u00e9ration comp\u00e9titive<\/li>\n<li>Une reconnaissance de vos comp\u00e9tences et de votre parcours<\/li>\n<\/ul>\n<p>\n<\/div><div data-bb-version=\"5.1.6\" class=\"bt_bb_separator bt_bb_border_style_none bt_bb_top_spacing_none bt_bb_bottom_spacing_extra_small bt_bb_hidden_md bt_bb_hidden_lg bt_bb_hidden_xl\" data-bt-override-class=\"{&quot;bt_bb_top_spacing_&quot;:{&quot;current_class&quot;:&quot;bt_bb_top_spacing_none&quot;,&quot;def&quot;:&quot;none&quot;},&quot;bt_bb_bottom_spacing_&quot;:{&quot;current_class&quot;:&quot;bt_bb_bottom_spacing_extra_small&quot;,&quot;def&quot;:&quot;extra_small&quot;}}\"><\/div><\/div><\/div><\/div><div  class=\"bt_bb_column col-xxl-4 col-xl-4 bt_bb_vertical_align_top bt_bb_align_left bt_bb_padding_normal bt_bb_animation_fade_in animate\" style=\"; --column-width:4;\" data-width=\"4\" data-bt-override-class=\"{}\"><div class=\"bt_bb_column_content\"><div class=\"bt_bb_column_content_inner\"><div  class=\"bt_bb_text\" ><\/p>\n<p><strong><b>Postulez d\u00e8s maintenant<\/b><\/strong> en envoyant votre CV et une courte lettre de motivation \u00e0 : <a href=\"mailto:info@amel-academy.com\"><u>info@amel-academy.com<\/u><\/a> ou en remplissant le formulaire ci-dessous.<\/p>\n<p>Nous avons h\u00e2te d\u2019accueillir des \u00e9ducateurs passionn\u00e9s dans notre \u00e9quipe !<\/p>\n<p>\n<\/div><\/div><\/div><\/div><\/div><\/div><\/div><!-- cell_inner --><\/div><!-- cell --><\/div><!-- port --><\/section><section data-bb-version=\"5.4.2\" id=\"francization\" class=\"bt_bb_section bt_bb_layout_boxed_1200 bt_bb_vertical_align_top bt_bb_top_spacing_none bt_bb_bottom_spacing_none bt_bb_section_show_left_boxed_content\" style=\"background-position:right 85%;background-size:auto;\" data-bt-override-class=\"{&quot;bt_bb_top_spacing_&quot;:{&quot;current_class&quot;:&quot;bt_bb_top_spacing_none&quot;,&quot;def&quot;:&quot;none&quot;},&quot;bt_bb_bottom_spacing_&quot;:{&quot;current_class&quot;:&quot;bt_bb_bottom_spacing_none&quot;,&quot;def&quot;:&quot;none&quot;},&quot;bt_bb_animation_&quot;:{&quot;current_class&quot;:&quot;bt_bb_animation_no_animation&quot;,&quot;def&quot;:&quot;no_animation&quot;}}\"><div class=\"bt_bb_background_image_holder_wrapper\"><div class=\"bt_bb_background_image_holder btLazyLoadBackground\"  data-background_image_src=\"https:\/\/amel-academy.com\/wp-content\/uploads\/2019\/04\/bgn-experience.png\" data-parallax-zoom-start=\"1\" data-parallax-zoom-end=\"1\" data-parallax-blur-start=\"0\" data-parallax-blur-end=\"0\" data-parallax-opacity-start=\"1\" data-parallax-opacity-end=\"1\" style=\" background-image: url(&#039;https:\/\/amel-academy.com\/wp-content\/plugins\/bold-page-builder\/img\/blank.gif&#039;);\"><\/div><\/div><div class=\"bt_bb_port\"><div class=\"bt_bb_cell\"><div class=\"bt_bb_cell_inner\"><div class=\"bt_bb_row \"  data-bt-override-class=\"{}\"><div class=\"bt_bb_row_holder\" style=\"; 0\"><div data-bb-version=\"5.4.2\"  class=\"bt_bb_column col-xxl-6 col-xl-6 bt_bb_vertical_align_top bt_bb_align_left bt_bb_padding_normal bt_bb_animation_fade_in move_up animate\" style=\"; --column-width:6;\" data-width=\"6\" data-bt-override-class=\"{&quot;bt_bb_align_&quot;:{&quot;current_class&quot;:&quot;bt_bb_align_left&quot;,&quot;def&quot;:&quot;left&quot;},&quot;bt_bb_padding_&quot;:{&quot;current_class&quot;:&quot;bt_bb_padding_normal&quot;,&quot;def&quot;:&quot;normal&quot;},&quot;bt_bb_animation_&quot;:{&quot;current_class&quot;:&quot;bt_bb_animation_fade_in move_up animate&quot;,&quot;def&quot;:&quot;fade_in move_up animate&quot;}}\"><div class=\"bt_bb_column_content\"><div class=\"bt_bb_column_content_inner\"><div class=\"bt_bb_separator bt_bb_border_style_none bt_bb_bottom_spacing_medium bt_bb_hidden_md bt_bb_hidden_lg\" data-bt-override-class=\"null\"><\/div><header data-bb-version=\"5.4.2\" class=\"bt_bb_headline bt_bb_dash_top bt_bb_size_large bt_bb_align_inherit\" data-bt-override-class=\"{&quot;bt_bb_size_&quot;:{&quot;current_class&quot;:&quot;bt_bb_size_large&quot;,&quot;def&quot;:&quot;large&quot;},&quot;bt_bb_align_&quot;:{&quot;current_class&quot;:&quot;bt_bb_align_inherit&quot;,&quot;def&quot;:&quot;inherit&quot;},&quot;bt_bb_animation_&quot;:{&quot;current_class&quot;:&quot;bt_bb_animation_no_animation&quot;,&quot;def&quot;:&quot;no_animation&quot;}}\"><h2 class=\"bt_bb_headline_tag\"><span class=\"bt_bb_headline_content\"><span><u>Votre nouveau chapitre<\/u><br \/><br \/>\n<b>commence ici !<\/b> <\/span><\/span><\/h2><\/header><div class=\"bt_bb_separator bt_bb_border_style_none bt_bb_bottom_spacing_normal\" data-bt-override-class=\"null\"><\/div><div data-bb-version=\"5.4.2\" class=\"bt_bb_contact_form_7\">\n<div class=\"wpcf7 no-js\" id=\"wpcf7-f2957-o1\" lang=\"en-US\" dir=\"ltr\" data-wpcf7-id=\"2957\">\n<div class=\"screen-reader-response\"><p role=\"status\" aria-live=\"polite\" aria-atomic=\"true\"><\/p> <ul><\/ul><\/div>\n<form action=\"\/fr\/wp-json\/wp\/v2\/pages\/2919#wpcf7-f2957-o1\" method=\"post\" class=\"wpcf7-form init\" aria-label=\"Contact form\" enctype=\"multipart\/form-data\" novalidate=\"novalidate\" data-status=\"init\">\n<fieldset class=\"hidden-fields-container\"><input type=\"hidden\" name=\"_wpcf7\" value=\"2957\" \/><input type=\"hidden\" name=\"_wpcf7_version\" value=\"6.1.5\" \/><input type=\"hidden\" name=\"_wpcf7_locale\" value=\"en_US\" \/><input type=\"hidden\" name=\"_wpcf7_unit_tag\" value=\"wpcf7-f2957-o1\" \/><input type=\"hidden\" name=\"_wpcf7_container_post\" value=\"0\" \/><input type=\"hidden\" name=\"_wpcf7_posted_data_hash\" value=\"\" \/><input type=\"hidden\" name=\"_wpcf7_recaptcha_response\" value=\"\" \/>\n<\/fieldset>\n<div class=\"bt_bb_cf7_form\">\n\t<div class=\"bt_bb_cf7_row\">\n\t\t<div class=\"bt_bb_cf7_element\">\n\t\t\t<p>Les champs obligatoires sont marqu\u00e9s *\n\t\t\t<\/p>\n\t\t<\/div>\n\t<\/div>\n\t<div class=\"bt_bb_cf7_row\">\n\t\t<div class=\"bt_bb_cf7_element\">\n\t\t\t<p><label><span class=\"bt_bb_required\">Votre Nom<\/span><br \/>\n<span class=\"wpcf7-form-control-wrap\" data-name=\"your-name\"><input size=\"40\" maxlength=\"400\" class=\"wpcf7-form-control wpcf7-text wpcf7-validates-as-required\" aria-required=\"true\" aria-invalid=\"false\" placeholder=\"Entrez votre Nom\" value=\"\" type=\"text\" name=\"your-name\" \/><\/span><\/label>\n\t\t\t<\/p>\n\t\t<\/div>\n\t<\/div>\n\t<div class=\"bt_bb_cf7_row\">\n\t\t<div class=\"bt_bb_cf7_element\">\n\t\t\t<p><label><span class=\"bt_bb_required\">Votre E-mail<\/span><br \/>\n<span class=\"wpcf7-form-control-wrap\" data-name=\"your-email\"><input size=\"40\" maxlength=\"400\" class=\"wpcf7-form-control wpcf7-email wpcf7-validates-as-required wpcf7-text wpcf7-validates-as-email\" aria-required=\"true\" aria-invalid=\"false\" placeholder=\"Entrez votre Adresse courriel\" value=\"\" type=\"email\" name=\"your-email\" \/><\/span><\/label>\n\t\t\t<\/p>\n\t\t<\/div>\n\t<\/div>\n\t<div class=\"bt_bb_cf7_row\">\n\t\t<div class=\"bt_bb_cf7_element\">\n\t\t\t<p><label><span class=\"bt_bb_required\">Lettre de motivation<\/span><\/label>\n\t\t\t<\/p>\n \n <!-- Final Structure for the File Input -->\n\t\t\t<div class=\"final-file-container\">\n\t\t\t\t<p><label for=\"motivationletter\" class=\"final-file-label\"><br \/>\n<span class=\"final-file-button\"><\/span><br \/>\n<span class=\"final-file-name\"><\/span><br \/>\n<\/label>\n\t\t\t\t<\/p>\n\t\t\t<\/div>\n\t\t\t<p><span class=\"wpcf7-form-control-wrap\" data-name=\"motivationletter\"><input size=\"40\" class=\"wpcf7-form-control wpcf7-file wpcf7-validates-as-required\" id=\"motivationletter\" accept=\".pdf,.doc,.docx\" aria-required=\"true\" aria-invalid=\"false\" type=\"file\" name=\"motivationletter\" \/><\/span>\n\t\t\t<\/p>\n\t\t<\/div>\n\t<\/div>\n\t<div class=\"bt_bb_cf7_row\">\n\t\t<div class=\"bt_bb_cf7_element\">\n\t\t\t<p><label><span class=\"bt_bb_required\">CV<\/span><\/label>\n\t\t\t<\/p>\n \n <!-- Final Structure for the File Input -->\n\t\t\t<div class=\"final-file-container\">\n\t\t\t\t<p><label for=\"cv\" class=\"final-file-label\"><br \/>\n<span class=\"final-file-button\"><\/span><br \/>\n<span class=\"final-file-name\"><\/span><br \/>\n<\/label>\n\t\t\t\t<\/p>\n\t\t\t<\/div>\n\t\t\t<p><span class=\"wpcf7-form-control-wrap\" data-name=\"cv\"><input size=\"40\" class=\"wpcf7-form-control wpcf7-file wpcf7-validates-as-required\" id=\"cv\" accept=\".pdf,.doc,.docx\" aria-required=\"true\" aria-invalid=\"false\" type=\"file\" name=\"cv\" \/><\/span>\n\t\t\t<\/p>\n\t\t<\/div>\n\t<\/div>\n\t<div class=\"bt_bb_cf7_row\">\n\t\t<div class=\"bt_bb_cf7_button bt_bb_cf7_element\">\n\t\t\t<p><input class=\"wpcf7-form-control wpcf7-submit has-spinner\" type=\"submit\" value=\"Soumettre le message\" \/>\n\t\t\t<\/p>\n\t\t<\/div>\n\t<\/div>\n<\/div><div class=\"wpcf7-response-output\" aria-hidden=\"true\"><\/div>\n<\/form>\n<\/div>\n<\/div><div data-bb-version=\"5.1.3\" class=\"bt_bb_separator bt_bb_border_style_none bt_bb_top_spacing_none bt_bb_bottom_spacing_medium\" data-bt-override-class=\"{&quot;bt_bb_top_spacing_&quot;:{&quot;current_class&quot;:&quot;bt_bb_top_spacing_none&quot;,&quot;def&quot;:&quot;none&quot;},&quot;bt_bb_bottom_spacing_&quot;:{&quot;current_class&quot;:&quot;bt_bb_bottom_spacing_medium&quot;,&quot;def&quot;:&quot;medium&quot;}}\"><\/div><\/div><\/div><\/div><div  class=\"bt_bb_column col-xxl-6 col-xl-6 bt_bb_vertical_align_top bt_bb_align_left bt_bb_padding_normal bt_bb_animation_fade_in move_left animate bt_bb_mobile_align_to_right_edge\" style=\"; --column-width:6;\" data-width=\"6\" data-bt-override-class=\"{}\"><div class=\"bt_bb_column_content\"><div class=\"bt_bb_column_content_inner\"><div class=\"bt_bb_separator bt_bb_border_style_none bt_bb_bottom_spacing_medium bt_bb_hidden_sm bt_bb_hidden_md bt_bb_hidden_lg\" data-bt-override-class=\"null\"><\/div><div data-bb-version=\"5.4.2\" class=\"bt_bb_image bt_bb_shape_square bt_bb_target_self bt_bb_align_inherit bt_bb_hover_style_simple bt_bb_content_display_always bt_bb_content_align_middle bt_bb_top_negative_margin_none bt_bb_bottom_negative_margin_none bt_bb_right_negative_margin_none bt_bb_left_negative_margin_none bt_bb_fill_background_color_full\" data-bt-override-class=\"{&quot;bt_bb_align_&quot;:{&quot;current_class&quot;:&quot;bt_bb_align_inherit&quot;,&quot;def&quot;:&quot;inherit&quot;},&quot;bt_bb_content_display_&quot;:{&quot;current_class&quot;:&quot;bt_bb_content_display_always&quot;,&quot;def&quot;:&quot;always&quot;},&quot;bt_bb_top_negative_margin_&quot;:{&quot;current_class&quot;:&quot;bt_bb_top_negative_margin_none&quot;,&quot;def&quot;:&quot;none&quot;},&quot;bt_bb_bottom_negative_margin_&quot;:{&quot;current_class&quot;:&quot;bt_bb_bottom_negative_margin_none&quot;,&quot;def&quot;:&quot;none&quot;},&quot;bt_bb_right_negative_margin_&quot;:{&quot;current_class&quot;:&quot;bt_bb_right_negative_margin_none&quot;,&quot;def&quot;:&quot;none&quot;},&quot;bt_bb_left_negative_margin_&quot;:{&quot;current_class&quot;:&quot;bt_bb_left_negative_margin_none&quot;,&quot;def&quot;:&quot;none&quot;},&quot;bt_bb_animation_&quot;:{&quot;current_class&quot;:&quot;bt_bb_animation_no_animation&quot;,&quot;def&quot;:&quot;no_animation&quot;}}\"><span><img fetchpriority=\"high\" decoding=\"async\" width=\"1237\" height=\"1469\" src=\"https:\/\/amel-academy.com\/wp-content\/uploads\/2025\/08\/careers.webp\" class=\"attachment-full size-full\" alt=\"https:\/\/amel-academy.com\/wp-content\/uploads\/2025\/08\/careers.webp\" data-full_image_src=\"https:\/\/amel-academy.com\/wp-content\/uploads\/2025\/08\/careers.webp\" loading=\"eager\" srcset=\"https:\/\/amel-academy.com\/wp-content\/uploads\/2025\/08\/careers.webp 1237w, https:\/\/amel-academy.com\/wp-content\/uploads\/2025\/08\/careers-640x760.webp 640w, https:\/\/amel-academy.com\/wp-content\/uploads\/2025\/08\/careers-768x912.webp 768w, https:\/\/amel-academy.com\/wp-content\/uploads\/2025\/08\/careers-320x380.webp 320w\" sizes=\"(max-width: 1237px) 100vw, 1237px\" \/><\/span><\/div><div data-bb-version=\"5.1.3\" class=\"bt_bb_separator bt_bb_border_style_none bt_bb_top_spacing_none bt_bb_bottom_spacing_small\" data-bt-override-class=\"{&quot;bt_bb_top_spacing_&quot;:{&quot;current_class&quot;:&quot;bt_bb_top_spacing_none&quot;,&quot;def&quot;:&quot;none&quot;},&quot;bt_bb_bottom_spacing_&quot;:{&quot;current_class&quot;:&quot;bt_bb_bottom_spacing_small&quot;,&quot;def&quot;:&quot;small&quot;}}\"><\/div><\/div><\/div><\/div><\/div><\/div><\/div><!-- cell_inner --><\/div><!-- cell --><\/div><!-- port --><\/section><\/p>\n","protected":false},"excerpt":{"rendered":"<p>Synergiser compl\u00e8tement les relations qui taxent les ressources par le biais de march\u00e9s de niche de premier plan. Cultivez professionnellement le service \u00e0 la client\u00e8le personnalis\u00e9 gr\u00e2ce \u00e0 des id\u00e9es solides. Innovez de mani\u00e8re dynamique en mettant \u00e0 niveau les ressources du service \u00e0 la client\u00e8le afin d&rsquo;offrir un service \u00e0 la client\u00e8le de pointe.<\/p>\n","protected":false},"author":1,"featured_media":0,"parent":0,"menu_order":2,"comment_status":"closed","ping_status":"closed","template":"","meta":{"footnotes":""},"class_list":["post-2919","page","type-page","status-publish","hentry"],"_links":{"self":[{"href":"https:\/\/amel-academy.com\/fr\/wp-json\/wp\/v2\/pages\/2919","targetHints":{"allow":["GET"]}}],"collection":[{"href":"https:\/\/amel-academy.com\/fr\/wp-json\/wp\/v2\/pages"}],"about":[{"href":"https:\/\/amel-academy.com\/fr\/wp-json\/wp\/v2\/types\/page"}],"author":[{"embeddable":true,"href":"https:\/\/amel-academy.com\/fr\/wp-json\/wp\/v2\/users\/1"}],"replies":[{"embeddable":true,"href":"https:\/\/amel-academy.com\/fr\/wp-json\/wp\/v2\/comments?post=2919"}],"version-history":[{"count":3,"href":"https:\/\/amel-academy.com\/fr\/wp-json\/wp\/v2\/pages\/2919\/revisions"}],"predecessor-version":[{"id":2958,"href":"https:\/\/amel-academy.com\/fr\/wp-json\/wp\/v2\/pages\/2919\/revisions\/2958"}],"wp:attachment":[{"href":"https:\/\/amel-academy.com\/fr\/wp-json\/wp\/v2\/media?parent=2919"}],"curies":[{"name":"wp","href":"https:\/\/api.w.org\/{rel}","templated":true}]}}